{"id":274,"date":"2020-06-19T10:23:23","date_gmt":"2020-06-19T10:23:23","guid":{"rendered":"https:\/\/torhaus-muc.org\/?page_id=274"},"modified":"2020-09-22T09:09:26","modified_gmt":"2020-09-22T09:09:26","slug":"torhaus-natur","status":"publish","type":"page","link":"https:\/\/torhaus-muc.org\/?page_id=274","title":{"rendered":"(C) Formate"},"content":{"rendered":"\t\t<div data-elementor-type=\"wp-page\" data-elementor-id=\"274\" class=\"elementor elementor-274\">\n\t\t\t\t\t\t\t\t\t<section class=\"elementor-section elementor-top-section elementor-element elementor-element-42ad68f elementor-section-boxed elementor-section-height-default elementor-section-height-default\" data-id=\"42ad68f\" data-element_type=\"section\">\n\t\t\t\t\t\t<div class=\"elementor-container elementor-column-gap-default\">\n\t\t\t\t\t<div class=\"elementor-column elementor-col-100 elementor-top-column elementor-element elementor-element-ea0a7fd\" data-id=\"ea0a7fd\" data-element_type=\"column\">\n\t\t\t<div class=\"elementor-widget-wrap elementor-element-populated\">\n\t\t\t\t\t\t\t\t<div class=\"elementor-element elementor-element-5ecd13e elementor-widget elementor-widget-image\" data-id=\"5ecd13e\" data-element_type=\"widget\" data-widget_type=\"image.default\">\n\t\t\t\t<div class=\"elementor-widget-container\">\n\t\t\t\t\t\t\t\t\t\t\t\t\t\t\t<img width=\"2048\" height=\"1091\" src=\"https:\/\/torhaus-muc.org\/wp-content\/uploads\/2020\/09\/Zukunfts5697-2048x1091.jpg\" class=\"attachment-2048x2048 size-2048x2048 wp-image-534\" alt=\"\" loading=\"lazy\" srcset=\"https:\/\/torhaus-muc.org\/wp-content\/uploads\/2020\/09\/Zukunfts5697-2048x1091.jpg 2048w, https:\/\/torhaus-muc.org\/wp-content\/uploads\/2020\/09\/Zukunfts5697-300x160.jpg 300w, https:\/\/torhaus-muc.org\/wp-content\/uploads\/2020\/09\/Zukunfts5697-1024x546.jpg 1024w, https:\/\/torhaus-muc.org\/wp-content\/uploads\/2020\/09\/Zukunfts5697-768x409.jpg 768w, https:\/\/torhaus-muc.org\/wp-content\/uploads\/2020\/09\/Zukunfts5697-1536x818.jpg 1536w\" sizes=\"(max-width: 2048px) 100vw, 2048px\" \/>\t\t\t\t\t\t\t\t\t\t\t\t\t\t\t<\/div>\n\t\t\t\t<\/div>\n\t\t\t\t\t<\/div>\n\t\t<\/div>\n\t\t\t\t\t\t\t<\/div>\n\t\t<\/section>\n\t\t\t\t<section class=\"elementor-section elementor-top-section elementor-element elementor-element-81e69d3 elementor-section-boxed elementor-section-height-default elementor-section-height-default\" data-id=\"81e69d3\" data-element_type=\"section\">\n\t\t\t\t\t\t<div class=\"elementor-container elementor-column-gap-default\">\n\t\t\t\t\t<div class=\"elementor-column elementor-col-100 elementor-top-column elementor-element elementor-element-88b1e5b\" data-id=\"88b1e5b\" data-element_type=\"column\">\n\t\t\t<div class=\"elementor-widget-wrap elementor-element-populated\">\n\t\t\t\t\t\t\t\t<div class=\"elementor-element elementor-element-a76da74 elementor-widget elementor-widget-spacer\" data-id=\"a76da74\" data-element_type=\"widget\" data-widget_type=\"spacer.default\">\n\t\t\t\t<div class=\"elementor-widget-container\">\n\t\t\t\t\t<div class=\"elementor-spacer\">\n\t\t\t<div class=\"elementor-spacer-inner\"><\/div>\n\t\t<\/div>\n\t\t\t\t<\/div>\n\t\t\t\t<\/div>\n\t\t\t\t<div class=\"elementor-element elementor-element-0ad2a60 elementor-widget elementor-widget-heading\" data-id=\"0ad2a60\" data-element_type=\"widget\" data-widget_type=\"heading.default\">\n\t\t\t\t<div class=\"elementor-widget-container\">\n\t\t\t<h2 class=\"elementor-heading-title elementor-size-default\">(C) Welche Formate...<\/h2>\t\t<\/div>\n\t\t\t\t<\/div>\n\t\t\t\t\t<\/div>\n\t\t<\/div>\n\t\t\t\t\t\t\t<\/div>\n\t\t<\/section>\n\t\t\t\t<section class=\"elementor-section elementor-top-section elementor-element elementor-element-2e5ad35 elementor-section-boxed elementor-section-height-default elementor-section-height-default\" data-id=\"2e5ad35\" data-element_type=\"section\">\n\t\t\t\t\t\t<div class=\"elementor-container elementor-column-gap-default\">\n\t\t\t\t\t<div class=\"elementor-column elementor-col-100 elementor-top-column elementor-element elementor-element-682a329\" data-id=\"682a329\" data-element_type=\"column\">\n\t\t\t<div class=\"elementor-widget-wrap elementor-element-populated\">\n\t\t\t\t\t\t\t\t<div class=\"elementor-element elementor-element-5be3b83 elementor-widget elementor-widget-heading\" data-id=\"5be3b83\" data-element_type=\"widget\" data-widget_type=\"heading.default\">\n\t\t\t\t<div class=\"elementor-widget-container\">\n\t\t\t<h2 class=\"elementor-heading-title elementor-size-default\">aus der Vergangenheit in die Zukunft.<\/h2>\t\t<\/div>\n\t\t\t\t<\/div>\n\t\t\t\t\t<\/div>\n\t\t<\/div>\n\t\t\t\t\t\t\t<\/div>\n\t\t<\/section>\n\t\t\t\t<section class=\"elementor-section elementor-top-section elementor-element elementor-element-bac09f1 elementor-section-boxed elementor-section-height-default elementor-section-height-default\" data-id=\"bac09f1\" data-element_type=\"section\">\n\t\t\t\t\t\t<div class=\"elementor-container elementor-column-gap-default\">\n\t\t\t\t\t<div class=\"elementor-column elementor-col-100 elementor-top-column elementor-element elementor-element-53e8576\" data-id=\"53e8576\" data-element_type=\"column\">\n\t\t\t<div class=\"elementor-widget-wrap elementor-element-populated\">\n\t\t\t\t\t\t\t\t<div class=\"elementor-element elementor-element-5813076 elementor-widget elementor-widget-text-editor\" data-id=\"5813076\" data-element_type=\"widget\" data-widget_type=\"text-editor.default\">\n\t\t\t\t<div class=\"elementor-widget-container\">\n\t\t\t\t\t\t\t<p>Der konzeptionelle Schwerpunkt des <em>Torhaus Verein <\/em>liegt in der Erschlie\u00dfung neuer, bis dato nicht zur Geltung gebrachten Pl\u00e4tze und Locations. Schwabing als Schauplatz bietet viel mehr M\u00f6glichkeiten als man denkt. Mit dem Gro\u00dfraum Schwabing ist nicht das eigentliche Viertel in seinen historischen Grenzen gemeint. Genau genommen f\u00e4ngt Schwabing erst am Siegestor an. Gef\u00fchlt spricht man von Schwabing bereits ab dem Odeonsplatz.<\/p><p>Uns geht es darum, Maxvorstadt, Schwabing-West und Freimann gleicherma\u00dfen mit einzubeziehen. Beispiele m\u00f6glicher Veranstaltungsorte finden sich hier zuhauf: wer kennt schon die Oscar Schlemmer Stra\u00dfe in der Parkstadt Schwabing als Vertreter des Bauhauses und dessen Ideal, Frauen einen festen Platz in der k\u00fcnstlerischen \u00d6ffentlichkeit einzur\u00e4umen? Oder das Atrium im Englischen Garten mit seiner Geschichte? Aktuelles Beispiel ist ebenso der Elisabethmarkt, ein geschichtstr\u00e4chtiger Platz, der sich gerade drastisch ver\u00e4ndert und gerade noch gerettet werden konnte. Oder der Wedekind-Platz mit dem nahe gelegenen Vereinsheim, der heute bei den J\u00fcngeren wieder hoch im Kurs steht?<\/p><p>Wie vieles wartet darauf, zu einer neuen Bedeutung zu gelangen, wiedererweckt, oder ganz einfach belebt zu werden. Nur passiert dies nicht von selbst, sondern bedarf eines gestaltenden Willens und Handelns. Der <em>Torhaus Verein <\/em>hat sich eben dies zum Ziel gemacht.<\/p>\t\t\t\t\t\t<\/div>\n\t\t\t\t<\/div>\n\t\t\t\t\t<\/div>\n\t\t<\/div>\n\t\t\t\t\t\t\t<\/div>\n\t\t<\/section>\n\t\t\t\t<section class=\"elementor-section elementor-top-section elementor-element elementor-element-9f04af0 elementor-section-boxed elementor-section-height-default elementor-section-height-default\" data-id=\"9f04af0\" data-element_type=\"section\">\n\t\t\t\t\t\t<div class=\"elementor-container elementor-column-gap-default\">\n\t\t\t\t\t<div class=\"elementor-column elementor-col-100 elementor-top-column elementor-element elementor-element-c66c490\" data-id=\"c66c490\" data-element_type=\"column\">\n\t\t\t<div class=\"elementor-widget-wrap elementor-element-populated\">\n\t\t\t\t\t\t\t\t<div class=\"elementor-element elementor-element-eadb796 elementor-widget-divider--view-line elementor-widget elementor-widget-divider\" data-id=\"eadb796\" data-element_type=\"widget\" data-widget_type=\"divider.default\">\n\t\t\t\t<div class=\"elementor-widget-container\">\n\t\t\t\t\t<div class=\"elementor-divider\">\n\t\t\t<span class=\"elementor-divider-separator\">\n\t\t\t\t\t\t<\/span>\n\t\t<\/div>\n\t\t\t\t<\/div>\n\t\t\t\t<\/div>\n\t\t\t\t\t<\/div>\n\t\t<\/div>\n\t\t\t\t\t\t\t<\/div>\n\t\t<\/section>\n\t\t\t\t<section class=\"elementor-section elementor-top-section elementor-element elementor-element-16ea97d elementor-section-boxed elementor-section-height-default elementor-section-height-default\" data-id=\"16ea97d\" data-element_type=\"section\">\n\t\t\t\t\t\t<div class=\"elementor-container elementor-column-gap-default\">\n\t\t\t\t\t<div class=\"elementor-column elementor-col-100 elementor-top-column elementor-element elementor-element-45413a6\" data-id=\"45413a6\" data-element_type=\"column\">\n\t\t\t<div class=\"elementor-widget-wrap elementor-element-populated\">\n\t\t\t\t\t\t\t\t<div class=\"elementor-element elementor-element-e5ab696 elementor-widget elementor-widget-spacer\" data-id=\"e5ab696\" data-element_type=\"widget\" data-widget_type=\"spacer.default\">\n\t\t\t\t<div class=\"elementor-widget-container\">\n\t\t\t\t\t<div class=\"elementor-spacer\">\n\t\t\t<div class=\"elementor-spacer-inner\"><\/div>\n\t\t<\/div>\n\t\t\t\t<\/div>\n\t\t\t\t<\/div>\n\t\t\t\t\t<\/div>\n\t\t<\/div>\n\t\t\t\t\t\t\t<\/div>\n\t\t<\/section>\n\t\t\t\t<section class=\"elementor-section elementor-top-section elementor-element elementor-element-70afd98 elementor-section-boxed elementor-section-height-default elementor-section-height-default\" data-id=\"70afd98\" data-element_type=\"section\">\n\t\t\t\t\t\t<div class=\"elementor-container elementor-column-gap-default\">\n\t\t\t\t\t<div class=\"elementor-column elementor-col-100 elementor-top-column elementor-element elementor-element-739f264\" data-id=\"739f264\" data-element_type=\"column\">\n\t\t\t<div class=\"elementor-widget-wrap\">\n\t\t\t\t\t\t\t\t\t<\/div>\n\t\t<\/div>\n\t\t\t\t\t\t\t<\/div>\n\t\t<\/section>\n\t\t\t\t\t\t\t<\/div>\n\t\t","protected":false},"excerpt":{"rendered":"<p>(C) Welche Formate&#8230; aus der Vergangenheit in die Zukunft. Der konzeptionelle Schwerpunkt des Torhaus Verein liegt in der Erschlie\u00dfung neuer, bis dato nicht zur Geltung gebrachten Pl\u00e4tze und Locations. Schwabing als Schauplatz bietet viel mehr M\u00f6glichkeiten als man denkt. Mit dem Gro\u00dfraum Schwabing ist nicht das eigentliche Viertel in seinen historischen Grenzen gemeint. Genau genommen &hellip;<\/p>\n<p class=\"read-more\"> <a class=\"\" href=\"https:\/\/torhaus-muc.org\/?page_id=274\"> <span class=\"screen-reader-text\">(C) Formate<\/span> Weiterlesen &raquo;<\/a><\/p>\n","protected":false},"author":2,"featured_media":0,"parent":0,"menu_order":0,"comment_status":"closed","ping_status":"closed","template":"elementor_header_footer","meta":[],"_links":{"self":[{"href":"https:\/\/torhaus-muc.org\/index.php?rest_route=\/wp\/v2\/pages\/274"}],"collection":[{"href":"https:\/\/torhaus-muc.org\/index.php?rest_route=\/wp\/v2\/pages"}],"about":[{"href":"https:\/\/torhaus-muc.org\/index.php?rest_route=\/wp\/v2\/types\/page"}],"author":[{"embeddable":true,"href":"https:\/\/torhaus-muc.org\/index.php?rest_route=\/wp\/v2\/users\/2"}],"replies":[{"embeddable":true,"href":"https:\/\/torhaus-muc.org\/index.php?rest_route=%2Fwp%2Fv2%2Fcomments&post=274"}],"version-history":[{"count":19,"href":"https:\/\/torhaus-muc.org\/index.php?rest_route=\/wp\/v2\/pages\/274\/revisions"}],"predecessor-version":[{"id":747,"href":"https:\/\/torhaus-muc.org\/index.php?rest_route=\/wp\/v2\/pages\/274\/revisions\/747"}],"wp:attachment":[{"href":"https:\/\/torhaus-muc.org\/index.php?rest_route=%2Fwp%2Fv2%2Fmedia&parent=274"}],"curies":[{"name":"wp","href":"https:\/\/api.w.org\/{rel}","templated":true}]}}