{"id":272,"date":"2020-06-19T10:23:33","date_gmt":"2020-06-19T10:23:33","guid":{"rendered":"https:\/\/torhaus-muc.org\/?page_id=272"},"modified":"2020-09-22T09:08:50","modified_gmt":"2020-09-22T09:08:50","slug":"torhaus-kunst","status":"publish","type":"page","link":"https:\/\/torhaus-muc.org\/?page_id=272","title":{"rendered":"(B) Kultur"},"content":{"rendered":"\t\t<div data-elementor-type=\"wp-page\" data-elementor-id=\"272\" class=\"elementor elementor-272\">\n\t\t\t\t\t\t\t\t\t<section class=\"elementor-section elementor-top-section elementor-element elementor-element-1475cb2 elementor-section-boxed elementor-section-height-default elementor-section-height-default\" data-id=\"1475cb2\" data-element_type=\"section\">\n\t\t\t\t\t\t<div class=\"elementor-container elementor-column-gap-default\">\n\t\t\t\t\t<div class=\"elementor-column elementor-col-100 elementor-top-column elementor-element elementor-element-6346079\" data-id=\"6346079\" data-element_type=\"column\">\n\t\t\t<div class=\"elementor-widget-wrap elementor-element-populated\">\n\t\t\t\t\t\t\t\t<div class=\"elementor-element elementor-element-25d722a elementor-widget elementor-widget-image\" data-id=\"25d722a\" data-element_type=\"widget\" data-widget_type=\"image.default\">\n\t\t\t\t<div class=\"elementor-widget-container\">\n\t\t\t\t\t\t\t\t\t\t\t\t\t\t\t<img width=\"2048\" height=\"1092\" src=\"https:\/\/torhaus-muc.org\/wp-content\/uploads\/2020\/09\/Begegnungen04666-2048x1092.jpg\" class=\"attachment-2048x2048 size-2048x2048 wp-image-529\" alt=\"\" loading=\"lazy\" srcset=\"https:\/\/torhaus-muc.org\/wp-content\/uploads\/2020\/09\/Begegnungen04666-2048x1092.jpg 2048w, https:\/\/torhaus-muc.org\/wp-content\/uploads\/2020\/09\/Begegnungen04666-300x160.jpg 300w, https:\/\/torhaus-muc.org\/wp-content\/uploads\/2020\/09\/Begegnungen04666-1024x546.jpg 1024w, https:\/\/torhaus-muc.org\/wp-content\/uploads\/2020\/09\/Begegnungen04666-768x410.jpg 768w, https:\/\/torhaus-muc.org\/wp-content\/uploads\/2020\/09\/Begegnungen04666-1536x819.jpg 1536w\" sizes=\"(max-width: 2048px) 100vw, 2048px\" \/>\t\t\t\t\t\t\t\t\t\t\t\t\t\t\t<\/div>\n\t\t\t\t<\/div>\n\t\t\t\t<div class=\"elementor-element elementor-element-f08ecd2 elementor-widget elementor-widget-spacer\" data-id=\"f08ecd2\" data-element_type=\"widget\" data-widget_type=\"spacer.default\">\n\t\t\t\t<div class=\"elementor-widget-container\">\n\t\t\t\t\t<div class=\"elementor-spacer\">\n\t\t\t<div class=\"elementor-spacer-inner\"><\/div>\n\t\t<\/div>\n\t\t\t\t<\/div>\n\t\t\t\t<\/div>\n\t\t\t\t\t<\/div>\n\t\t<\/div>\n\t\t\t\t\t\t\t<\/div>\n\t\t<\/section>\n\t\t\t\t<section class=\"elementor-section elementor-top-section elementor-element elementor-element-c853ef1 elementor-section-boxed elementor-section-height-default elementor-section-height-default\" data-id=\"c853ef1\" data-element_type=\"section\">\n\t\t\t\t\t\t<div class=\"elementor-container elementor-column-gap-default\">\n\t\t\t\t\t<div class=\"elementor-column elementor-col-100 elementor-top-column elementor-element elementor-element-c4b6685\" data-id=\"c4b6685\" data-element_type=\"column\">\n\t\t\t<div class=\"elementor-widget-wrap elementor-element-populated\">\n\t\t\t\t\t\t\t\t<div class=\"elementor-element elementor-element-b6b3357 elementor-widget elementor-widget-heading\" data-id=\"b6b3357\" data-element_type=\"widget\" data-widget_type=\"heading.default\">\n\t\t\t\t<div class=\"elementor-widget-container\">\n\t\t\t<h2 class=\"elementor-heading-title elementor-size-default\">(B) Kulturelle Begegnungen <\/h2>\t\t<\/div>\n\t\t\t\t<\/div>\n\t\t\t\t\t<\/div>\n\t\t<\/div>\n\t\t\t\t\t\t\t<\/div>\n\t\t<\/section>\n\t\t\t\t<section class=\"elementor-section elementor-top-section elementor-element elementor-element-aa0427b elementor-section-boxed elementor-section-height-default elementor-section-height-default\" data-id=\"aa0427b\" data-element_type=\"section\">\n\t\t\t\t\t\t<div class=\"elementor-container elementor-column-gap-default\">\n\t\t\t\t\t<div class=\"elementor-column elementor-col-100 elementor-top-column elementor-element elementor-element-69ca82e\" data-id=\"69ca82e\" data-element_type=\"column\">\n\t\t\t<div class=\"elementor-widget-wrap elementor-element-populated\">\n\t\t\t\t\t\t\t\t<div class=\"elementor-element elementor-element-b0fb60e elementor-widget elementor-widget-heading\" data-id=\"b0fb60e\" data-element_type=\"widget\" data-widget_type=\"heading.default\">\n\t\t\t\t<div class=\"elementor-widget-container\">\n\t\t\t<h2 class=\"elementor-heading-title elementor-size-default\">Lassen sich kulturelle Begegnungen neu denken und ausgestalten?<\/h2>\t\t<\/div>\n\t\t\t\t<\/div>\n\t\t\t\t\t<\/div>\n\t\t<\/div>\n\t\t\t\t\t\t\t<\/div>\n\t\t<\/section>\n\t\t\t\t<section class=\"elementor-section elementor-top-section elementor-element elementor-element-5748cd7 elementor-section-boxed elementor-section-height-default elementor-section-height-default\" data-id=\"5748cd7\" data-element_type=\"section\">\n\t\t\t\t\t\t<div class=\"elementor-container elementor-column-gap-default\">\n\t\t\t\t\t<div class=\"elementor-column elementor-col-100 elementor-top-column elementor-element elementor-element-1ae3265\" data-id=\"1ae3265\" data-element_type=\"column\">\n\t\t\t<div class=\"elementor-widget-wrap elementor-element-populated\">\n\t\t\t\t\t\t\t\t<div class=\"elementor-element elementor-element-d9d41c2 elementor-widget elementor-widget-spacer\" data-id=\"d9d41c2\" data-element_type=\"widget\" data-widget_type=\"spacer.default\">\n\t\t\t\t<div class=\"elementor-widget-container\">\n\t\t\t\t\t<div class=\"elementor-spacer\">\n\t\t\t<div class=\"elementor-spacer-inner\"><\/div>\n\t\t<\/div>\n\t\t\t\t<\/div>\n\t\t\t\t<\/div>\n\t\t\t\t<div class=\"elementor-element elementor-element-ef4b54a elementor-widget elementor-widget-text-editor\" data-id=\"ef4b54a\" data-element_type=\"widget\" data-widget_type=\"text-editor.default\">\n\t\t\t\t<div class=\"elementor-widget-container\">\n\t\t\t\t\t\t\t<p>Eine weitere Dimension von \u203aBegegnung\u2039 ist das Aufeinandertreffen unterschiedlicher formaler Kontexte. Der Multi-Media-Gedanke setzt auf die Komplementarit\u00e4t unserer Sinne und auf die Variabilit\u00e4t von Inhalt und Gestaltung. Ein bestimmter Inhalt, ein Thema oder ein Sujet, ersch\u00f6pft sich nicht in der Art und Weise seiner Darstellung oder der Wahl der k\u00fcnstlerischen Mittel. So sehr Literatur, Theater, Musik oder eben darstellende Kunst, Photographie oder Design ihren Eigencharakter haben und spezifischen Traditionen folgen, so entfalten sie doch erst im wechselseitigen Zusammenwirken ihre volle Wirkung.\u00a0<\/p><p>In der darstellenden Kunst, aber auch im Theater oder bei performativen Life Acts sind interaktive Konzepte l\u00e4ngst etabliert. Das hei\u00dft: Sprache, Bild, Musik, Bewegung flie\u00dfen zu einem komplement\u00e4ren Ganzen zusammen und werden nicht gewaltsam voneinander getrennt. Gerade die Begegnung unterschiedlicher Ausdrucksformen, Medien oder Traditionen sind n\u00e4her an der F\u00fclle menschlichen Erlebens als k\u00fcnstlich eingezeichnete Segregationen.<\/p><p>Der <em>Torhaus Verein<\/em> will das kulturelle Spektrum M\u00fcnchens um Angebote bereichern, die dieser Vielschichtigkeit Rechnung tragen. Wir wollen Themenschwerpunkte setzen und K\u00fcnstler dazu anregen, ihre Sichtweisen \u00f6ffentlich zu machen. Je unterschiedlicher die k\u00fcnstlerischen Zug\u00e4nge, je kontrastreicher und vielf\u00e4ltiger die mediale Umsetzung, desto eher gewinnt ein Thema das \u00f6ffentliche Interesse.<\/p>\t\t\t\t\t\t<\/div>\n\t\t\t\t<\/div>\n\t\t\t\t\t<\/div>\n\t\t<\/div>\n\t\t\t\t\t\t\t<\/div>\n\t\t<\/section>\n\t\t\t\t<section class=\"elementor-section elementor-top-section elementor-element elementor-element-3b0854c elementor-section-boxed elementor-section-height-default elementor-section-height-default\" data-id=\"3b0854c\" data-element_type=\"section\">\n\t\t\t\t\t\t<div class=\"elementor-container elementor-column-gap-default\">\n\t\t\t\t\t<div class=\"elementor-column elementor-col-100 elementor-top-column elementor-element elementor-element-57d89e3\" data-id=\"57d89e3\" data-element_type=\"column\">\n\t\t\t<div class=\"elementor-widget-wrap elementor-element-populated\">\n\t\t\t\t\t\t\t\t<div class=\"elementor-element elementor-element-6d16260 elementor-widget-divider--view-line elementor-widget elementor-widget-divider\" data-id=\"6d16260\" data-element_type=\"widget\" data-widget_type=\"divider.default\">\n\t\t\t\t<div class=\"elementor-widget-container\">\n\t\t\t\t\t<div class=\"elementor-divider\">\n\t\t\t<span class=\"elementor-divider-separator\">\n\t\t\t\t\t\t<\/span>\n\t\t<\/div>\n\t\t\t\t<\/div>\n\t\t\t\t<\/div>\n\t\t\t\t\t<\/div>\n\t\t<\/div>\n\t\t\t\t\t\t\t<\/div>\n\t\t<\/section>\n\t\t\t\t<section class=\"elementor-section elementor-top-section elementor-element elementor-element-8764596 elementor-section-boxed elementor-section-height-default elementor-section-height-default\" data-id=\"8764596\" data-element_type=\"section\">\n\t\t\t\t\t\t<div class=\"elementor-container elementor-column-gap-default\">\n\t\t\t\t\t<div class=\"elementor-column elementor-col-100 elementor-top-column elementor-element elementor-element-51b8707\" data-id=\"51b8707\" data-element_type=\"column\">\n\t\t\t<div class=\"elementor-widget-wrap elementor-element-populated\">\n\t\t\t\t\t\t\t\t<div class=\"elementor-element elementor-element-cdf00e3 elementor-widget elementor-widget-spacer\" data-id=\"cdf00e3\" data-element_type=\"widget\" data-widget_type=\"spacer.default\">\n\t\t\t\t<div class=\"elementor-widget-container\">\n\t\t\t\t\t<div class=\"elementor-spacer\">\n\t\t\t<div class=\"elementor-spacer-inner\"><\/div>\n\t\t<\/div>\n\t\t\t\t<\/div>\n\t\t\t\t<\/div>\n\t\t\t\t\t<\/div>\n\t\t<\/div>\n\t\t\t\t\t\t\t<\/div>\n\t\t<\/section>\n\t\t\t\t<section class=\"elementor-section elementor-top-section elementor-element elementor-element-6d57015 elementor-section-boxed elementor-section-height-default elementor-section-height-default\" data-id=\"6d57015\" data-element_type=\"section\">\n\t\t\t\t\t\t<div class=\"elementor-container elementor-column-gap-default\">\n\t\t\t\t\t<div class=\"elementor-column elementor-col-100 elementor-top-column elementor-element elementor-element-0c2856e\" data-id=\"0c2856e\" data-element_type=\"column\">\n\t\t\t<div class=\"elementor-widget-wrap\">\n\t\t\t\t\t\t\t\t\t<\/div>\n\t\t<\/div>\n\t\t\t\t\t\t\t<\/div>\n\t\t<\/section>\n\t\t\t\t\t\t\t<\/div>\n\t\t","protected":false},"excerpt":{"rendered":"<p>(B) Kulturelle Begegnungen Lassen sich kulturelle Begegnungen neu denken und ausgestalten? Eine weitere Dimension von \u203aBegegnung\u2039 ist das Aufeinandertreffen unterschiedlicher formaler Kontexte. Der Multi-Media-Gedanke setzt auf die Komplementarit\u00e4t unserer Sinne und auf die Variabilit\u00e4t von Inhalt und Gestaltung. Ein bestimmter Inhalt, ein Thema oder ein Sujet, ersch\u00f6pft sich nicht in der Art und Weise seiner &hellip;<\/p>\n<p class=\"read-more\"> <a class=\"\" href=\"https:\/\/torhaus-muc.org\/?page_id=272\"> <span class=\"screen-reader-text\">(B) Kultur<\/span> Weiterlesen &raquo;<\/a><\/p>\n","protected":false},"author":2,"featured_media":0,"parent":0,"menu_order":0,"comment_status":"closed","ping_status":"closed","template":"elementor_header_footer","meta":[],"_links":{"self":[{"href":"https:\/\/torhaus-muc.org\/index.php?rest_route=\/wp\/v2\/pages\/272"}],"collection":[{"href":"https:\/\/torhaus-muc.org\/index.php?rest_route=\/wp\/v2\/pages"}],"about":[{"href":"https:\/\/torhaus-muc.org\/index.php?rest_route=\/wp\/v2\/types\/page"}],"author":[{"embeddable":true,"href":"https:\/\/torhaus-muc.org\/index.php?rest_route=\/wp\/v2\/users\/2"}],"replies":[{"embeddable":true,"href":"https:\/\/torhaus-muc.org\/index.php?rest_route=%2Fwp%2Fv2%2Fcomments&post=272"}],"version-history":[{"count":13,"href":"https:\/\/torhaus-muc.org\/index.php?rest_route=\/wp\/v2\/pages\/272\/revisions"}],"predecessor-version":[{"id":746,"href":"https:\/\/torhaus-muc.org\/index.php?rest_route=\/wp\/v2\/pages\/272\/revisions\/746"}],"wp:attachment":[{"href":"https:\/\/torhaus-muc.org\/index.php?rest_route=%2Fwp%2Fv2%2Fmedia&parent=272"}],"curies":[{"name":"wp","href":"https:\/\/api.w.org\/{rel}","templated":true}]}}