{"id":270,"date":"2020-06-19T10:23:16","date_gmt":"2020-06-19T10:23:16","guid":{"rendered":"https:\/\/torhaus-muc.org\/?page_id=270"},"modified":"2020-09-22T09:08:08","modified_gmt":"2020-09-22T09:08:08","slug":"torhaus-kultur","status":"publish","type":"page","link":"https:\/\/torhaus-muc.org\/?page_id=270","title":{"rendered":"(A) Begegnungen"},"content":{"rendered":"\t\t<div data-elementor-type=\"wp-page\" data-elementor-id=\"270\" class=\"elementor elementor-270\">\n\t\t\t\t\t\t\t\t\t<section class=\"elementor-section elementor-top-section elementor-element elementor-element-e330384 elementor-section-full_width elementor-section-height-default elementor-section-height-default\" data-id=\"e330384\" data-element_type=\"section\" data-settings=\"{&quot;background_background&quot;:&quot;slideshow&quot;,&quot;background_slideshow_gallery&quot;:[],&quot;background_slideshow_loop&quot;:&quot;yes&quot;,&quot;background_slideshow_slide_duration&quot;:5000,&quot;background_slideshow_slide_transition&quot;:&quot;fade&quot;,&quot;background_slideshow_transition_duration&quot;:500}\">\n\t\t\t\t\t\t<div class=\"elementor-container elementor-column-gap-default\">\n\t\t\t\t\t<div class=\"elementor-column elementor-col-100 elementor-top-column elementor-element elementor-element-4520fde\" data-id=\"4520fde\" data-element_type=\"column\">\n\t\t\t<div class=\"elementor-widget-wrap elementor-element-populated\">\n\t\t\t\t\t\t\t\t<div class=\"elementor-element elementor-element-7527dba elementor-widget elementor-widget-image\" data-id=\"7527dba\" data-element_type=\"widget\" data-widget_type=\"image.default\">\n\t\t\t\t<div class=\"elementor-widget-container\">\n\t\t\t\t\t\t\t\t\t\t\t\t\t\t\t<img width=\"2048\" height=\"976\" src=\"https:\/\/torhaus-muc.org\/wp-content\/uploads\/2020\/09\/raum-Begegnungen-04727-2048x976.jpg\" class=\"attachment-2048x2048 size-2048x2048 wp-image-516\" alt=\"\" loading=\"lazy\" srcset=\"https:\/\/torhaus-muc.org\/wp-content\/uploads\/2020\/09\/raum-Begegnungen-04727-2048x976.jpg 2048w, https:\/\/torhaus-muc.org\/wp-content\/uploads\/2020\/09\/raum-Begegnungen-04727-300x143.jpg 300w, https:\/\/torhaus-muc.org\/wp-content\/uploads\/2020\/09\/raum-Begegnungen-04727-1024x488.jpg 1024w, https:\/\/torhaus-muc.org\/wp-content\/uploads\/2020\/09\/raum-Begegnungen-04727-768x366.jpg 768w, https:\/\/torhaus-muc.org\/wp-content\/uploads\/2020\/09\/raum-Begegnungen-04727-1536x732.jpg 1536w\" sizes=\"(max-width: 2048px) 100vw, 2048px\" \/>\t\t\t\t\t\t\t\t\t\t\t\t\t\t\t<\/div>\n\t\t\t\t<\/div>\n\t\t\t\t\t<\/div>\n\t\t<\/div>\n\t\t\t\t\t\t\t<\/div>\n\t\t<\/section>\n\t\t\t\t<section class=\"elementor-section elementor-top-section elementor-element elementor-element-6affb4a elementor-section-boxed elementor-section-height-default elementor-section-height-default\" data-id=\"6affb4a\" data-element_type=\"section\">\n\t\t\t\t\t\t<div class=\"elementor-container elementor-column-gap-default\">\n\t\t\t\t\t<div class=\"elementor-column elementor-col-100 elementor-top-column elementor-element elementor-element-fcf7af6\" data-id=\"fcf7af6\" data-element_type=\"column\">\n\t\t\t<div class=\"elementor-widget-wrap elementor-element-populated\">\n\t\t\t\t\t\t\t\t<div class=\"elementor-element elementor-element-cab087c elementor-widget elementor-widget-spacer\" data-id=\"cab087c\" data-element_type=\"widget\" data-widget_type=\"spacer.default\">\n\t\t\t\t<div class=\"elementor-widget-container\">\n\t\t\t\t\t<div class=\"elementor-spacer\">\n\t\t\t<div class=\"elementor-spacer-inner\"><\/div>\n\t\t<\/div>\n\t\t\t\t<\/div>\n\t\t\t\t<\/div>\n\t\t\t\t<div class=\"elementor-element elementor-element-d6b41f7 elementor-widget elementor-widget-heading\" data-id=\"d6b41f7\" data-element_type=\"widget\" data-widget_type=\"heading.default\">\n\t\t\t\t<div class=\"elementor-widget-container\">\n\t\t\t<h2 class=\"elementor-heading-title elementor-size-default\">Begegnungen<\/h2>\t\t<\/div>\n\t\t\t\t<\/div>\n\t\t\t\t<div class=\"elementor-element elementor-element-9414d93 elementor-widget elementor-widget-heading\" data-id=\"9414d93\" data-element_type=\"widget\" data-widget_type=\"heading.default\">\n\t\t\t\t<div class=\"elementor-widget-container\">\n\t\t\t<h2 class=\"elementor-heading-title elementor-size-default\">oder: die M\u00f6glichkeit zur Erweiterung<\/h2>\t\t<\/div>\n\t\t\t\t<\/div>\n\t\t\t\t<div class=\"elementor-element elementor-element-a0e449a elementor-widget elementor-widget-spacer\" data-id=\"a0e449a\" data-element_type=\"widget\" data-widget_type=\"spacer.default\">\n\t\t\t\t<div class=\"elementor-widget-container\">\n\t\t\t\t\t<div class=\"elementor-spacer\">\n\t\t\t<div class=\"elementor-spacer-inner\"><\/div>\n\t\t<\/div>\n\t\t\t\t<\/div>\n\t\t\t\t<\/div>\n\t\t\t\t\t<\/div>\n\t\t<\/div>\n\t\t\t\t\t\t\t<\/div>\n\t\t<\/section>\n\t\t\t\t<section class=\"elementor-section elementor-top-section elementor-element elementor-element-48bcc41 elementor-section-boxed elementor-section-height-default elementor-section-height-default\" data-id=\"48bcc41\" data-element_type=\"section\">\n\t\t\t\t\t\t<div class=\"elementor-container elementor-column-gap-default\">\n\t\t\t\t\t<div class=\"elementor-column elementor-col-100 elementor-top-column elementor-element elementor-element-6aea072\" data-id=\"6aea072\" data-element_type=\"column\">\n\t\t\t<div class=\"elementor-widget-wrap elementor-element-populated\">\n\t\t\t\t\t\t\t\t<div class=\"elementor-element elementor-element-e30bad8 elementor-widget elementor-widget-text-editor\" data-id=\"e30bad8\" data-element_type=\"widget\" data-widget_type=\"text-editor.default\">\n\t\t\t\t<div class=\"elementor-widget-container\">\n\t\t\t\t\t\t\t<p>Begegnungen sind per definiens ein Aufeinandertreffen unterschiedlicher Personen oder Themenkreise, die eine gemeinsame Schnittmenge entstehen lassen. Sie \u00fcberschreiten den subjektiven Horizont und schaffen ein Verbindendes. Eine Ausstellung, ein Konzert, ein Theater Event beispielsweise konfrontieren uns mit Sichtweisen, die unsere Gewohnheiten bereichern (manchmal unterlaufen) und ihnen neue Aspekte hinzuf\u00fcgen.<\/p>\n<p>Etwas aus einem anderen Blickwinkel betrachten, hei\u00dft: dem Eigenen etwas Neues, Ungewohntes, m\u00f6glicherweise Kritisches entgegenhalten und zur Auseinandersetzung anregen. Die Verwandlungskraft von Kunst und Literatur ist seit je her in dem subtilen Erfahrungsraum unterschiedlicher Wirklichkeitszug\u00e4nge angesiedelt, die zwar nicht die Welt ver\u00e4ndern, aber zu neuen Perspektiven und einem ver\u00e4nderten Empfinden aufrufen.<\/p>\n<p>Pers\u00f6nliche Begegnungen tragen nicht minder zur \u00dcberschreitung des eigenen Horizonts bei, indem sie dialogisch funktionieren. Rede und Gegenrede, Nachfrage, Interesse, wiewohl kritisches Hinterfragen des Eigenen und des Anderen.<\/p>\n<p>Begegnungen, sollten wir dies vergessen haben, sind Essentials, weder reine Spa\u00df- noch reine Pflichtgeburten, sie sind unsere fr\u00fchesten und wohl auch notwendigsten Erfahrungen.<\/p>\n<p>Begegnungen wieder stark zu machen und so der Vereinzelung entgegenzuwirken, folgt der \u00dcberzeugung, dass Tabletts, Smartphones, Virtual Realities unsere Wirklichkeit unter repr\u00e4sentieren. Als Spielarten menschlicher Kommunikation sind ebenso angenehm wie unentbehrlich. Als absolute Bezugsgr\u00f6\u00dfen jedoch verleihen wir ihnen eine Macht, die wir mit dem Verlust unserer Totalit\u00e4t einb\u00fc\u00dfen: n\u00e4mlich intelligible Sinneswesen zu sein, die erst in der Konfrontation und leibhaften Begegnungen mit anderen (Themen und Menschen) ihr eigenes Profil gewinnen.<\/p>\t\t\t\t\t\t<\/div>\n\t\t\t\t<\/div>\n\t\t\t\t\t<\/div>\n\t\t<\/div>\n\t\t\t\t\t\t\t<\/div>\n\t\t<\/section>\n\t\t\t\t<section class=\"elementor-section elementor-top-section elementor-element elementor-element-e3e2a41 elementor-section-boxed elementor-section-height-default elementor-section-height-default\" data-id=\"e3e2a41\" data-element_type=\"section\">\n\t\t\t\t\t\t<div class=\"elementor-container elementor-column-gap-default\">\n\t\t\t\t\t<div class=\"elementor-column elementor-col-100 elementor-top-column elementor-element elementor-element-5932070\" data-id=\"5932070\" data-element_type=\"column\">\n\t\t\t<div class=\"elementor-widget-wrap elementor-element-populated\">\n\t\t\t\t\t\t\t\t<div class=\"elementor-element elementor-element-2418c93 elementor-widget-divider--view-line elementor-widget elementor-widget-divider\" data-id=\"2418c93\" data-element_type=\"widget\" data-widget_type=\"divider.default\">\n\t\t\t\t<div class=\"elementor-widget-container\">\n\t\t\t\t\t<div class=\"elementor-divider\">\n\t\t\t<span class=\"elementor-divider-separator\">\n\t\t\t\t\t\t<\/span>\n\t\t<\/div>\n\t\t\t\t<\/div>\n\t\t\t\t<\/div>\n\t\t\t\t\t<\/div>\n\t\t<\/div>\n\t\t\t\t\t\t\t<\/div>\n\t\t<\/section>\n\t\t\t\t<section class=\"elementor-section elementor-top-section elementor-element elementor-element-6e09b62 elementor-section-boxed elementor-section-height-default elementor-section-height-default\" data-id=\"6e09b62\" data-element_type=\"section\">\n\t\t\t\t\t\t<div class=\"elementor-container elementor-column-gap-default\">\n\t\t\t\t\t<div class=\"elementor-column elementor-col-100 elementor-top-column elementor-element elementor-element-4055cf1\" data-id=\"4055cf1\" data-element_type=\"column\">\n\t\t\t<div class=\"elementor-widget-wrap\">\n\t\t\t\t\t\t\t\t\t<\/div>\n\t\t<\/div>\n\t\t\t\t\t\t\t<\/div>\n\t\t<\/section>\n\t\t\t\t\t\t\t<\/div>\n\t\t","protected":false},"excerpt":{"rendered":"<p>Begegnungen oder: die M\u00f6glichkeit zur Erweiterung Begegnungen sind per definiens ein Aufeinandertreffen unterschiedlicher Personen oder Themenkreise, die eine gemeinsame Schnittmenge entstehen lassen. Sie \u00fcberschreiten den subjektiven Horizont und schaffen ein Verbindendes. Eine Ausstellung, ein Konzert, ein Theater Event beispielsweise konfrontieren uns mit Sichtweisen, die unsere Gewohnheiten bereichern (manchmal unterlaufen) und ihnen neue Aspekte hinzuf\u00fcgen. Etwas &hellip;<\/p>\n<p class=\"read-more\"> <a class=\"\" href=\"https:\/\/torhaus-muc.org\/?page_id=270\"> <span class=\"screen-reader-text\">(A) Begegnungen<\/span> Weiterlesen &raquo;<\/a><\/p>\n","protected":false},"author":2,"featured_media":0,"parent":0,"menu_order":0,"comment_status":"closed","ping_status":"closed","template":"elementor_header_footer","meta":[],"_links":{"self":[{"href":"https:\/\/torhaus-muc.org\/index.php?rest_route=\/wp\/v2\/pages\/270"}],"collection":[{"href":"https:\/\/torhaus-muc.org\/index.php?rest_route=\/wp\/v2\/pages"}],"about":[{"href":"https:\/\/torhaus-muc.org\/index.php?rest_route=\/wp\/v2\/types\/page"}],"author":[{"embeddable":true,"href":"https:\/\/torhaus-muc.org\/index.php?rest_route=\/wp\/v2\/users\/2"}],"replies":[{"embeddable":true,"href":"https:\/\/torhaus-muc.org\/index.php?rest_route=%2Fwp%2Fv2%2Fcomments&post=270"}],"version-history":[{"count":18,"href":"https:\/\/torhaus-muc.org\/index.php?rest_route=\/wp\/v2\/pages\/270\/revisions"}],"predecessor-version":[{"id":745,"href":"https:\/\/torhaus-muc.org\/index.php?rest_route=\/wp\/v2\/pages\/270\/revisions\/745"}],"wp:attachment":[{"href":"https:\/\/torhaus-muc.org\/index.php?rest_route=%2Fwp%2Fv2%2Fmedia&parent=270"}],"curies":[{"name":"wp","href":"https:\/\/api.w.org\/{rel}","templated":true}]}}