{"id":101,"date":"2020-02-12T15:17:31","date_gmt":"2020-02-12T15:17:31","guid":{"rendered":"http:\/\/torhaus-muc.org\/?page_id=101"},"modified":"2021-02-16T15:43:44","modified_gmt":"2021-02-16T15:43:44","slug":"impressum","status":"publish","type":"page","link":"https:\/\/torhaus-muc.org\/?page_id=101","title":{"rendered":"Impressum"},"content":{"rendered":"\t\t<div data-elementor-type=\"wp-page\" data-elementor-id=\"101\" class=\"elementor elementor-101\">\n\t\t\t\t\t\t\t\t\t<section class=\"elementor-section elementor-top-section elementor-element elementor-element-f31de19 elementor-section-boxed elementor-section-height-default elementor-section-height-default\" data-id=\"f31de19\" data-element_type=\"section\">\n\t\t\t\t\t\t<div class=\"elementor-container elementor-column-gap-default\">\n\t\t\t\t\t<div class=\"elementor-column elementor-col-100 elementor-top-column elementor-element elementor-element-da83a9a\" data-id=\"da83a9a\" data-element_type=\"column\">\n\t\t\t<div class=\"elementor-widget-wrap elementor-element-populated\">\n\t\t\t\t\t\t\t\t<div class=\"elementor-element elementor-element-18295c8 elementor-widget elementor-widget-heading\" data-id=\"18295c8\" data-element_type=\"widget\" data-widget_type=\"heading.default\">\n\t\t\t\t<div class=\"elementor-widget-container\">\n\t\t\t<h2 class=\"elementor-heading-title elementor-size-default\">IMPRESSUM - DATENSCHUTZ<\/h2>\t\t<\/div>\n\t\t\t\t<\/div>\n\t\t\t\t\t<\/div>\n\t\t<\/div>\n\t\t\t\t\t\t\t<\/div>\n\t\t<\/section>\n\t\t\t\t<section class=\"elementor-section elementor-top-section elementor-element elementor-element-2d52e01 elementor-section-boxed elementor-section-height-default elementor-section-height-default\" data-id=\"2d52e01\" data-element_type=\"section\">\n\t\t\t\t\t\t<div class=\"elementor-container elementor-column-gap-default\">\n\t\t\t\t\t<div class=\"elementor-column elementor-col-100 elementor-top-column elementor-element elementor-element-1d028c7\" data-id=\"1d028c7\" data-element_type=\"column\">\n\t\t\t<div class=\"elementor-widget-wrap elementor-element-populated\">\n\t\t\t\t\t\t\t\t<div class=\"elementor-element elementor-element-deb260d elementor-widget elementor-widget-text-editor\" data-id=\"deb260d\" data-element_type=\"widget\" data-widget_type=\"text-editor.default\">\n\t\t\t\t<div class=\"elementor-widget-container\">\n\t\t\t\t\t\t\t<p><strong>Impressum<\/strong><\/p><p><strong>Torhaus M\u00fcnchen e.V.<\/strong><br \/>Schackstrasse 5<br \/>80539 M\u00fcnchen<br \/>+49 89 3840670<br \/>+49 89 38406740 Fax<br \/>Kontakt: info@torhaus-muc.org<\/p><p>Vorstand Wolfgang Bischoff<\/p><p>Vereinsregister M\u00fcnchen: \u00a0208511 Stnr. 143\/222\/90927<\/p><p>Torhaus M\u00fcnchen e.V. ist verantwortlich f\u00fcr diese Internetseite und die enthaltenen Inhalte.<\/p><p><strong>Bildrechte<\/strong><br \/>Jegliches Bildmaterial ist urheberrechtlich gesch\u00fctzt. Die Rechte liegen bei der PAW people at work GmbH. Wir haben die Bildrechte soweit vorhanden, sorgf\u00e4ltig recherchiert. Sollten Sie trotzdem ein Bildrecht verletzt sehen, wenden Sie sich bitte an paw@people-at-work.de<\/p><p><b>Weiterreichende Haftung<\/b><\/p><p>Die Inhalte der Website der Torhaus M\u00fcnchen e.V. wurden mit gr\u00f6\u00dftm\u00f6glicher Sorgfalt erstellt. Trotzdem kann die Torhaus M\u00fcnchen e.V. f\u00fcr Fehlerfreiheit und Genauigkeit der enthaltenen Informationen nicht garantieren. Alle Angaben stellen die zum Zeitpunkt der Publikation jeweils neuesten Informationen dar. Eine Haftung f\u00fcr die Aktualit\u00e4t, Richtigkeit und Vollst\u00e4ndigkeit der Daten ist ausgeschlossen. Dies gilt ebenso f\u00fcr alle anderen Websites, auf die mittels eines Hyperlinks verwiesen wird.\u00a0<\/p>\t\t\t\t\t\t<\/div>\n\t\t\t\t<\/div>\n\t\t\t\t\t<\/div>\n\t\t<\/div>\n\t\t\t\t\t\t\t<\/div>\n\t\t<\/section>\n\t\t\t\t\t\t\t<\/div>\n\t\t","protected":false},"excerpt":{"rendered":"<p>IMPRESSUM &#8211; DATENSCHUTZ Impressum Torhaus M\u00fcnchen e.V.Schackstrasse 580539 M\u00fcnchen+49 89 3840670+49 89 38406740 FaxKontakt: info@torhaus-muc.org Vorstand Wolfgang Bischoff Vereinsregister M\u00fcnchen: \u00a0208511 Stnr. 143\/222\/90927 Torhaus M\u00fcnchen e.V. ist verantwortlich f\u00fcr diese Internetseite und die enthaltenen Inhalte. BildrechteJegliches Bildmaterial ist urheberrechtlich gesch\u00fctzt. Die Rechte liegen bei der PAW people at work GmbH. Wir haben die Bildrechte soweit &hellip;<\/p>\n<p class=\"read-more\"> <a class=\"\" href=\"https:\/\/torhaus-muc.org\/?page_id=101\"> <span class=\"screen-reader-text\">Impressum<\/span> Weiterlesen &raquo;<\/a><\/p>\n","protected":false},"author":1,"featured_media":0,"parent":0,"menu_order":0,"comment_status":"closed","ping_status":"closed","template":"","meta":[],"_links":{"self":[{"href":"https:\/\/torhaus-muc.org\/index.php?rest_route=\/wp\/v2\/pages\/101"}],"collection":[{"href":"https:\/\/torhaus-muc.org\/index.php?rest_route=\/wp\/v2\/pages"}],"about":[{"href":"https:\/\/torhaus-muc.org\/index.php?rest_route=\/wp\/v2\/types\/page"}],"author":[{"embeddable":true,"href":"https:\/\/torhaus-muc.org\/index.php?rest_route=\/wp\/v2\/users\/1"}],"replies":[{"embeddable":true,"href":"https:\/\/torhaus-muc.org\/index.php?rest_route=%2Fwp%2Fv2%2Fcomments&post=101"}],"version-history":[{"count":14,"href":"https:\/\/torhaus-muc.org\/index.php?rest_route=\/wp\/v2\/pages\/101\/revisions"}],"predecessor-version":[{"id":759,"href":"https:\/\/torhaus-muc.org\/index.php?rest_route=\/wp\/v2\/pages\/101\/revisions\/759"}],"wp:attachment":[{"href":"https:\/\/torhaus-muc.org\/index.php?rest_route=%2Fwp%2Fv2%2Fmedia&parent=101"}],"curies":[{"name":"wp","href":"https:\/\/api.w.org\/{rel}","templated":true}]}}